{"id":70,"date":"2023-04-23T18:45:48","date_gmt":"2023-04-23T16:45:48","guid":{"rendered":"https:\/\/slonecznasosnowka.pl\/?page_id=70"},"modified":"2025-11-23T18:04:39","modified_gmt":"2025-11-23T16:04:39","slug":"o-apartament-rodzinny-sloneczna-sosnowka","status":"publish","type":"page","link":"https:\/\/slonecznasosnowka.pl\/","title":{"rendered":"O Apartament Rodzinny S\u0142oneczna Sosn\u00f3wka"},"content":{"rendered":"\n<p class=\"has-text-align-center has-black-color has-text-color has-large-font-size\"><strong>O Apartament Rodzinny S\u0142oneczna Sosn\u00f3wka<\/strong><\/p>\n\n\n\n<p class=\"has-black-color has-text-color has-medium-font-size\">Zapomnij o zmartwieniach z dala od zgie\u0142ku zat\u0142oczonych, turystycznych miejscowo\u015bci. Odwied\u017a apartament rodzinny S\u0142oneczna Sosn\u00f3wka!<\/p>\n\n\n\n<p class=\"has-black-color has-text-color has-medium-font-size\">Zapraszamy do naszego apartamentu rodzinnego, kt\u00f3ry wygodnie pomie\u015bci 2 rodziny wraz z czworono\u017cnymi przyjaci\u00f3\u0142mi. Gotuj jak w domu, wypoczywaj jak w najlepszym hotelu. Napawaj si\u0119 widokiem g\u00f3r prosto z sypialni.<\/p>\n","protected":false},"excerpt":{"rendered":"<p>O Apartament Rodzinny S\u0142oneczna Sosn\u00f3wka Zapomnij o zmartwieniach z dala od zgie\u0142ku zat\u0142oczonych, turystycznych miejscowo\u015bci. Odwied\u017a apartament rodzinny S\u0142oneczna Sosn\u00f3wka! Zapraszamy do naszego apartamentu rodzinnego, kt\u00f3ry wygodnie pomie\u015bci 2 rodziny wraz z czworono\u017cnymi przyjaci\u00f3\u0142mi. Gotuj jak w domu, wypoczywaj jak w najlepszym hotelu. Napawaj si\u0119 widokiem g\u00f3r prosto z sypialni.<\/p>\n","protected":false},"author":1,"featured_media":12,"parent":0,"menu_order":0,"comment_status":"closed","ping_status":"closed","template":"","meta":{"footnotes":""},"class_list":["post-70","page","type-page","status-publish","has-post-thumbnail","hentry"],"yoast_head":"<!-- This site is optimized with the Yoast SEO plugin v27.3 - https:\/\/yoast.com\/product\/yoast-seo-wordpress\/ -->\n<title>Apartament Rodzinny S\u0142oneczna Sosn\u00f3wka<\/title>\n<meta name=\"description\" content=\"Zapomnij o zmartwieniach z dala od zgie\u0142ku zat\u0142oczonych, turystycznych miejscowo\u015bci. Zarezerwuj apartament rodzinny S\u0142oneczna Sosn\u00f3wka!\" \/>\n<meta name=\"robots\" content=\"index, follow, max-snippet:-1, max-image-preview:large, max-video-preview:-1\" \/>\n<link rel=\"canonical\" href=\"https:\/\/slonecznasosnowka.pl\/\" \/>\n<meta property=\"og:locale\" content=\"pl_PL\" \/>\n<meta property=\"og:type\" content=\"article\" \/>\n<meta property=\"og:title\" content=\"Apartament Rodzinny S\u0142oneczna Sosn\u00f3wka\" \/>\n<meta property=\"og:description\" content=\"Zapomnij o zmartwieniach z dala od zgie\u0142ku zat\u0142oczonych, turystycznych miejscowo\u015bci. Zarezerwuj apartament rodzinny S\u0142oneczna Sosn\u00f3wka!\" \/>\n<meta property=\"og:url\" content=\"https:\/\/slonecznasosnowka.pl\/\" \/>\n<meta property=\"og:site_name\" content=\"S\u0142oneczna Sosn\u00f3wka\" \/>\n<meta property=\"article:modified_time\" content=\"2025-11-23T16:04:39+00:00\" \/>\n<meta property=\"og:image\" content=\"https:\/\/slonecznasosnowka.pl\/wp-content\/uploads\/2023\/04\/430343044-jpg.webp\" \/>\n\t<meta property=\"og:image:width\" content=\"1024\" \/>\n\t<meta property=\"og:image:height\" content=\"683\" \/>\n\t<meta property=\"og:image:type\" content=\"image\/jpeg\" \/>\n<meta name=\"twitter:card\" content=\"summary_large_image\" \/>\n<meta name=\"twitter:label1\" content=\"Szacowany czas czytania\" \/>\n\t<meta name=\"twitter:data1\" content=\"1 minuta\" \/>\n<script type=\"application\/ld+json\" class=\"yoast-schema-graph\">{\"@context\":\"https:\\\/\\\/schema.org\",\"@graph\":[{\"@type\":\"WebPage\",\"@id\":\"https:\\\/\\\/slonecznasosnowka.pl\\\/\",\"url\":\"https:\\\/\\\/slonecznasosnowka.pl\\\/\",\"name\":\"Apartament Rodzinny S\u0142oneczna Sosn\u00f3wka\",\"isPartOf\":{\"@id\":\"https:\\\/\\\/slonecznasosnowka.pl\\\/#website\"},\"primaryImageOfPage\":{\"@id\":\"https:\\\/\\\/slonecznasosnowka.pl\\\/#primaryimage\"},\"image\":{\"@id\":\"https:\\\/\\\/slonecznasosnowka.pl\\\/#primaryimage\"},\"thumbnailUrl\":\"https:\\\/\\\/slonecznasosnowka.pl\\\/wp-content\\\/uploads\\\/2023\\\/04\\\/430343044-jpg.webp\",\"datePublished\":\"2023-04-23T16:45:48+00:00\",\"dateModified\":\"2025-11-23T16:04:39+00:00\",\"description\":\"Zapomnij o zmartwieniach z dala od zgie\u0142ku zat\u0142oczonych, turystycznych miejscowo\u015bci. Zarezerwuj apartament rodzinny S\u0142oneczna Sosn\u00f3wka!\",\"breadcrumb\":{\"@id\":\"https:\\\/\\\/slonecznasosnowka.pl\\\/#breadcrumb\"},\"inLanguage\":\"pl-PL\",\"potentialAction\":[{\"@type\":\"ReadAction\",\"target\":[\"https:\\\/\\\/slonecznasosnowka.pl\\\/\"]}]},{\"@type\":\"ImageObject\",\"inLanguage\":\"pl-PL\",\"@id\":\"https:\\\/\\\/slonecznasosnowka.pl\\\/#primaryimage\",\"url\":\"https:\\\/\\\/slonecznasosnowka.pl\\\/wp-content\\\/uploads\\\/2023\\\/04\\\/430343044-jpg.webp\",\"contentUrl\":\"https:\\\/\\\/slonecznasosnowka.pl\\\/wp-content\\\/uploads\\\/2023\\\/04\\\/430343044-jpg.webp\",\"width\":1024,\"height\":683},{\"@type\":\"BreadcrumbList\",\"@id\":\"https:\\\/\\\/slonecznasosnowka.pl\\\/#breadcrumb\",\"itemListElement\":[{\"@type\":\"ListItem\",\"position\":1,\"name\":\"Strona g\u0142\u00f3wna\",\"item\":\"https:\\\/\\\/slonecznasosnowka.pl\\\/\"},{\"@type\":\"ListItem\",\"position\":2,\"name\":\"O Apartament Rodzinny S\u0142oneczna Sosn\u00f3wka\"}]},{\"@type\":\"WebSite\",\"@id\":\"https:\\\/\\\/slonecznasosnowka.pl\\\/#website\",\"url\":\"https:\\\/\\\/slonecznasosnowka.pl\\\/\",\"name\":\"S\u0142oneczna Sosn\u00f3wka\",\"description\":\"Apartament Rodzinny\",\"potentialAction\":[{\"@type\":\"SearchAction\",\"target\":{\"@type\":\"EntryPoint\",\"urlTemplate\":\"https:\\\/\\\/slonecznasosnowka.pl\\\/?s={search_term_string}\"},\"query-input\":{\"@type\":\"PropertyValueSpecification\",\"valueRequired\":true,\"valueName\":\"search_term_string\"}}],\"inLanguage\":\"pl-PL\"}]}<\/script>\n<!-- \/ Yoast SEO plugin. -->","yoast_head_json":{"title":"Apartament Rodzinny S\u0142oneczna Sosn\u00f3wka","description":"Zapomnij o zmartwieniach z dala od zgie\u0142ku zat\u0142oczonych, turystycznych miejscowo\u015bci. Zarezerwuj apartament rodzinny S\u0142oneczna Sosn\u00f3wka!","robots":{"index":"index","follow":"follow","max-snippet":"max-snippet:-1","max-image-preview":"max-image-preview:large","max-video-preview":"max-video-preview:-1"},"canonical":"https:\/\/slonecznasosnowka.pl\/","og_locale":"pl_PL","og_type":"article","og_title":"Apartament Rodzinny S\u0142oneczna Sosn\u00f3wka","og_description":"Zapomnij o zmartwieniach z dala od zgie\u0142ku zat\u0142oczonych, turystycznych miejscowo\u015bci. Zarezerwuj apartament rodzinny S\u0142oneczna Sosn\u00f3wka!","og_url":"https:\/\/slonecznasosnowka.pl\/","og_site_name":"S\u0142oneczna Sosn\u00f3wka","article_modified_time":"2025-11-23T16:04:39+00:00","og_image":[{"width":1024,"height":683,"url":"https:\/\/slonecznasosnowka.pl\/wp-content\/uploads\/2023\/04\/430343044-jpg.webp","type":"image\/jpeg"}],"twitter_card":"summary_large_image","twitter_misc":{"Szacowany czas czytania":"1 minuta"},"schema":{"@context":"https:\/\/schema.org","@graph":[{"@type":"WebPage","@id":"https:\/\/slonecznasosnowka.pl\/","url":"https:\/\/slonecznasosnowka.pl\/","name":"Apartament Rodzinny S\u0142oneczna Sosn\u00f3wka","isPartOf":{"@id":"https:\/\/slonecznasosnowka.pl\/#website"},"primaryImageOfPage":{"@id":"https:\/\/slonecznasosnowka.pl\/#primaryimage"},"image":{"@id":"https:\/\/slonecznasosnowka.pl\/#primaryimage"},"thumbnailUrl":"https:\/\/slonecznasosnowka.pl\/wp-content\/uploads\/2023\/04\/430343044-jpg.webp","datePublished":"2023-04-23T16:45:48+00:00","dateModified":"2025-11-23T16:04:39+00:00","description":"Zapomnij o zmartwieniach z dala od zgie\u0142ku zat\u0142oczonych, turystycznych miejscowo\u015bci. Zarezerwuj apartament rodzinny S\u0142oneczna Sosn\u00f3wka!","breadcrumb":{"@id":"https:\/\/slonecznasosnowka.pl\/#breadcrumb"},"inLanguage":"pl-PL","potentialAction":[{"@type":"ReadAction","target":["https:\/\/slonecznasosnowka.pl\/"]}]},{"@type":"ImageObject","inLanguage":"pl-PL","@id":"https:\/\/slonecznasosnowka.pl\/#primaryimage","url":"https:\/\/slonecznasosnowka.pl\/wp-content\/uploads\/2023\/04\/430343044-jpg.webp","contentUrl":"https:\/\/slonecznasosnowka.pl\/wp-content\/uploads\/2023\/04\/430343044-jpg.webp","width":1024,"height":683},{"@type":"BreadcrumbList","@id":"https:\/\/slonecznasosnowka.pl\/#breadcrumb","itemListElement":[{"@type":"ListItem","position":1,"name":"Strona g\u0142\u00f3wna","item":"https:\/\/slonecznasosnowka.pl\/"},{"@type":"ListItem","position":2,"name":"O Apartament Rodzinny S\u0142oneczna Sosn\u00f3wka"}]},{"@type":"WebSite","@id":"https:\/\/slonecznasosnowka.pl\/#website","url":"https:\/\/slonecznasosnowka.pl\/","name":"S\u0142oneczna Sosn\u00f3wka","description":"Apartament Rodzinny","potentialAction":[{"@type":"SearchAction","target":{"@type":"EntryPoint","urlTemplate":"https:\/\/slonecznasosnowka.pl\/?s={search_term_string}"},"query-input":{"@type":"PropertyValueSpecification","valueRequired":true,"valueName":"search_term_string"}}],"inLanguage":"pl-PL"}]}},"_links":{"self":[{"href":"https:\/\/slonecznasosnowka.pl\/index.php?rest_route=\/wp\/v2\/pages\/70","targetHints":{"allow":["GET"]}}],"collection":[{"href":"https:\/\/slonecznasosnowka.pl\/index.php?rest_route=\/wp\/v2\/pages"}],"about":[{"href":"https:\/\/slonecznasosnowka.pl\/index.php?rest_route=\/wp\/v2\/types\/page"}],"author":[{"embeddable":true,"href":"https:\/\/slonecznasosnowka.pl\/index.php?rest_route=\/wp\/v2\/users\/1"}],"replies":[{"embeddable":true,"href":"https:\/\/slonecznasosnowka.pl\/index.php?rest_route=%2Fwp%2Fv2%2Fcomments&post=70"}],"version-history":[{"count":8,"href":"https:\/\/slonecznasosnowka.pl\/index.php?rest_route=\/wp\/v2\/pages\/70\/revisions"}],"predecessor-version":[{"id":139,"href":"https:\/\/slonecznasosnowka.pl\/index.php?rest_route=\/wp\/v2\/pages\/70\/revisions\/139"}],"wp:featuredmedia":[{"embeddable":true,"href":"https:\/\/slonecznasosnowka.pl\/index.php?rest_route=\/wp\/v2\/media\/12"}],"wp:attachment":[{"href":"https:\/\/slonecznasosnowka.pl\/index.php?rest_route=%2Fwp%2Fv2%2Fmedia&parent=70"}],"curies":[{"name":"wp","href":"https:\/\/api.w.org\/{rel}","templated":true}]}}